{"id":869,"date":"2022-10-15T03:49:44","date_gmt":"2022-10-15T03:49:44","guid":{"rendered":"https:\/\/ad3doors.ee\/meist\/"},"modified":"2025-01-06T04:44:44","modified_gmt":"2025-01-06T04:44:44","slug":"yrityksesta","status":"publish","type":"page","link":"https:\/\/ad3doors.ee\/fi\/yrityksesta\/","title":{"rendered":"Yrityksest\u00e4"},"content":{"rendered":"<div class=\"wpb-content-wrapper\"><p>[vc_row wrap_container=&#8221;yes&#8221; conditional_render=&#8221;%5B%7B%22value_role%22%3A%22administrator%22%7D%5D&#8221; el_class=&#8221;p-b-sm mb-lg-2 mt-lg-4 mt-5 mb-5&#8243; css=&#8221;.vc_custom_1674653819481{padding-top: 50px !important;}&#8221;][vc_column width=&#8221;1\/2&#8243; conditional_render=&#8221;%5B%7B%22value_role%22%3A%22administrator%22%7D%5D&#8221;][vc_raw_html el_class=&#8221;position-absolute h-100 mb-0 w-100&#8243;]JTNDZGl2JTIwY2xhc3MlM0QlMjJhcHBlYXItYW5pbWF0aW9uJTIwcG9zaXRpb24tYWJzb2x1dGUlMjBhbmltYXRlZCUyMGV4cGFuZEluV2l0aEJsdXIlMjBhcHBlYXItYW5pbWF0aW9uLXZpc2libGUlMjIlMjBzdHlsZSUzRCUyMndpZHRoJTNBJTIwMjVweCUzQiUyMGhlaWdodCUzQSUyMDI1cHglM0IlMjB0b3AlM0ElMjA0LjMlMjUlM0IlMjBsZWZ0JTNBJTIwMTguNyUyNSUzQiUyMHotaW5kZXglM0ElMjAyJTNCJTIwYW5pbWF0aW9uLWR1cmF0aW9uJTNBJTIwMnMlM0IlMjBhbmltYXRpb24tZGVsYXklM0ElMjA5MDBtcyUzQiUyMiUyMGRhdGEtYXBwZWFyLWFuaW1hdGlvbiUzRCUyMmV4cGFuZEluV2l0aEJsdXIlMjIlMjBkYXRhLWFwcGVhci1hbmltYXRpb24tZGVsYXklM0QlMjI5MDAlMjIlMjBkYXRhLWFwcGVhci1hbmltYXRpb24tZHVyYXRpb24lM0QlMjIycyUyMiUzRSUwQSUyMCUyMCUyMCUyMCUzQ2RpdiUyMGNsYXNzJTNEJTIyYmctcHJpbWFyeSUyMHJvdW5kZWQtY2lyY2xlJTIwdy0xMDAlMjBoLTEwMCUyMiUyMGRhdGEtcGx1Z2luLWZsb2F0LWVsZW1lbnQlM0QlMjIlMjIlMjBkYXRhLXBsdWdpbi1vcHRpb25zJTNEJTIyJTdCJTI3c3RhcnRQb3MlMjclM0ElMjAlMjd0b3AlMjclMkMlMjAlMjdzcGVlZCUyNyUzQSUyMDAuMyUyQyUyMCUyN3RyYW5zaXRpb24lMjclM0ElMjB0cnVlJTJDJTIwJTI3dHJhbnNpdGlvbkR1cmF0aW9uJTI3JTNBJTIwMTAwMCU3RCUyMiUyMHN0eWxlJTNEJTIydG9wJTNBJTIwMHB4JTNCJTIwdHJhbnNpdGlvbiUzQSUyMHRyYW5zZm9ybSUyMDEwMDBtcyUyMGVhc2Utb3V0JTIwMG1zJTNCJTIwdHJhbnNmb3JtJTNBJTIwdHJhbnNsYXRlM2QlMjgwcHglMkMlMjA3MS4xNDIyJTI1JTJDJTIwMHB4JTI5JTNCJTIwb3BhY2l0eSUzQSUyMDAuNCUzQiUyMiUzRSUzQyUyRmRpdiUzRSUwOSUwQSUzQyUyRmRpdiUzRSUwQSUzQ2RpdiUyMGNsYXNzJTNEJTIyYXBwZWFyLWFuaW1hdGlvbiUyMHBvc2l0aW9uLWFic29sdXRlJTIwYW5pbWF0ZWQlMjBleHBhbmRJbldpdGhCbHVyJTIwYXBwZWFyLWFuaW1hdGlvbi12aXNpYmxlJTIyJTIwc3R5bGUlM0QlMjJ3aWR0aCUzQSUyMDE1cHglM0IlMjBoZWlnaHQlM0ElMjAxNXB4JTNCJTIwdG9wJTNBJTIwMzkuNyUyNSUzQiUyMGxlZnQlM0ElMjAyLjQlMjUlM0IlMjB6LWluZGV4JTNBJTIwMiUzQiUyMGFuaW1hdGlvbi1kdXJhdGlvbiUzQSUyMDJzJTNCJTIwYW5pbWF0aW9uLWRlbGF5JTNBJTIwOTAwbXMlM0IlMjIlMjBkYXRhLWFwcGVhci1hbmltYXRpb24lM0QlMjJleHBhbmRJbldpdGhCbHVyJTIyJTIwZGF0YS1hcHBlYXItYW5pbWF0aW9uLWRlbGF5JTNEJTIyOTAwJTIyJTIwZGF0YS1hcHBlYXItYW5pbWF0aW9uLWR1cmF0aW9uJTNEJTIyMnMlMjIlM0UlMEElMjAlMjAlMjAlMjAlM0NkaXYlMjBjbGFzcyUzRCUyMmJnLXByaW1hcnklMjByb3VuZGVkLWNpcmNsZSUyMHctMTAwJTIwaC0xMDAlMjIlMjBkYXRhLXBsdWdpbi1mbG9hdC1lbGVtZW50JTNEJTIyJTIyJTIwZGF0YS1wbHVnaW4tb3B0aW9ucyUzRCUyMiU3QiUyN3N0YXJ0UG9zJTI3JTNBJTIwJTI3dG9wJTI3JTJDJTIwJTI3c3BlZWQlMjclM0ElMjAwLjMlMkMlMjAlMjd0cmFuc2l0aW9uJTI3JTNBJTIwdHJ1ZSUyQyUyMCUyN3RyYW5zaXRpb25EdXJhdGlvbiUyNyUzQSUyMDEwMDAlN0QlMjIlMjBzdHlsZSUzRCUyMnRvcCUzQSUyMDBweCUzQiUyMHRyYW5zaXRpb24lM0ElMjB0cmFuc2Zvcm0lMjAxMDAwbXMlMjBlYXNlLW91dCUyMDBtcyUzQiUyMHRyYW5zZm9ybSUzQSUyMHRyYW5zbGF0ZTNkJTI4MHB4JTJDJTIwMjA1LjIwNyUyNSUyQyUyMDBweCUyOSUzQiUyMG9wYWNpdHklM0ElMjAwLjQlM0IlMjIlM0UlM0MlMkZkaXYlM0UlMDklMEElM0MlMkZkaXYlM0U=[\/vc_raw_html][vc_single_image image=&#8221;622&#8243; img_size=&#8221;621&#215;708&#8243; style=&#8221;vc_box_rounded&#8221; animation_delay=&#8221;200&#8243; el_class=&#8221;p-lg-5&#8243; animation_type=&#8221;fadeIn&#8221;][\/vc_column][vc_column width=&#8221;1\/2&#8243;]<div class=\"porto-u-heading mb-3  wpb_custom_7aa0a8d8b9c5969510ae43264796cedf porto-u-ad87e2eaf3f9c495180fe0156ddf3eb0 \"><div class=\"porto-u-main-heading\"><h2 data-plugin-animated-words data-plugin-options=\"{&quot;startDelay&quot;:0,&quot;minWindowWidth&quot;:992,&quot;animationSpeed&quot;:200,&quot;contentType&quot;:&quot;word&quot;}\"  style=\"color:rgba(33,37,41,0.7);\">AD 3DOORS<\/h2><\/div><style>.porto-u-ad87e2eaf3f9c495180fe0156ddf3eb0.porto-u-heading{text-align:left}<\/style><\/div><div class=\"porto-u-heading pb-2 mb-3  wpb_custom_dfcc2051c26cb1e38539f9715910b5b3 porto-u-ad87e2eaf3f9c495180fe0156ddf3eb0 \"><div class=\"porto-u-main-heading\"><h2 data-plugin-animated-letters data-plugin-options=\"{&quot;startDelay&quot;:0,&quot;minWindowWidth&quot;:992,&quot;animationSpeed&quot;:20}\" >K\u00e4\u00e4nn\u00f6stoimisto <\/h2><\/div><style>.porto-u-ad87e2eaf3f9c495180fe0156ddf3eb0.porto-u-heading{text-align:left}<\/style><\/div>[vc_column_text]<\/p>\n<div class=\"post-entry\">\n<div>Aloitimme vuonna 1992 p\u00e4\u00e4asiassa graafisen suunnittelun ja mainospalveluiden tarjoajana. Toimialojemme muodostumiseen vaikuttivat mm. tuolloin mukana olleiden henkil\u00f6iden akateeminen taiteilijakoulutuksellinen tausta ja tietotaidot.<br \/>\nVisuaalinen ulkoasu ja teksti ovat aina tiiviisti sidottuja toisiinsa. Ymm\u00e4rsimme, ett\u00e4 on t\u00e4rke\u00e4\u00e4 tarjota asiakkaillemme lis\u00e4arvoa, yhdist\u00e4en taiton sek\u00e4 k\u00e4\u00e4nn\u00f6spalvelut. Palvelujen kehittymiseen vaikutti my\u00f6s k\u00e4\u00e4nn\u00f6spalveluiden kasvava kysynt\u00e4. Henkil\u00f6st\u00f6\u00f6mme kuuluu omien alojensa asiantuntijoita, jotka tekev\u00e4t aina parhaansa, asiakkaiden vaatimuksia ja tarpeita silm\u00e4ll\u00e4 pit\u00e4en. Edell\u00e4 mainittujen palveluiden lis\u00e4ksi tarjoamme yrityksen perustamisesta alkaen my\u00f6s painopalveluita, jotta asiakkaamme saisivat kaikki sidotut palvelut helposti samasta paikasta.<br \/>\nYrityksell\u00e4mme onkin siis ns. 3 \u201covea\u201d eli peruspalvelua: k\u00e4\u00e4nn\u00f6spalvelut, taitto sek\u00e4 painopalvelut, jotta pystymme (tarvittaessa) tarjoamaan asiakkaillemme laadukkaita yhdistelm\u00e4palveluja.<\/div>\n<div>Entisest\u00e4\u00e4n kasvavaa kansainv\u00e4list\u00e4 ja rajatylitt\u00e4v\u00e4\u00e4 yhteisty\u00f6t\u00e4 edesauttaa varman ja luotettavan k\u00e4\u00e4nn\u00f6skumppanin olemassaolo. On t\u00e4rke\u00e4\u00e4, ett\u00e4 yritys pystyy tarjoamaan my\u00f6s lis\u00e4palveluita, mainostekstien kirjoittamisesta valmiiseen painotuotteeseen. AD 3DOORS j\u00e4tt\u00e4\u00e4 asiakkaalle mahdollisuuden keskitty\u00e4 omaan perustoimintaansa, tarjoamalla tukipalveluja. Viron EU:hun liittymisest\u00e4 alkaen on AD 3DOORS tarjonnut k\u00e4\u00e4nn\u00f6s-, taitto- ja painopalveluita monille EU:n j\u00e4senvaltioiden yrityksille ja yhteisty\u00f6kumppaneille. T\u00e4n\u00e4 p\u00e4iv\u00e4n\u00e4 meill\u00e4 on uskollisia kanta-asiakkaita Virossa, Latviassa, Liettuassa, Suomessa, Ruotsissa, T\u0161ekiss\u00e4, Puolassa, Belgiassa, Alankomaissa, Espanjassa, Saksassa ja Iso-Britanniassa.<br \/>\nAvoimen monikulttuurisen l\u00e4hestymistapamme sek\u00e4 kansainv\u00e4lisen projektinjohdon kokemuksemme ansiosta olemme tunnustettu ja luotettava palveluntarjoaja.<br \/>\nOlet tervetullut asiakkaaksemme tai yhteisty\u00f6kumppaniksemme!<\/div>\n<\/div>\n<p>[\/vc_column_text][vc_btn title=&#8221;PYYD\u00c4 TARJOUS&#8221; style=&#8221;modern&#8221; shape=&#8221;rounded&#8221; skin=&#8221;primary&#8221; btn_fs=&#8221;0.95em&#8221; btn_fw=&#8221;600&#8243; btn_ls=&#8221;1px&#8221; el_cls=&#8221;border-0&#8243; animation_delay=&#8221;1000&#8243; link=&#8221;url:https%3A%2F%2Fad3doors.ee%2Ffi%2Fyhteys%2F|title:kontakt&#8221; css=&#8221;.vc_custom_1676273905991{margin-top: 1px !important;margin-bottom: 33px !important;}&#8221; btn_px=&#8221;3rem&#8221; btn_py=&#8221;1rem&#8221;][\/vc_column][\/vc_row][vc_row el_class=&#8221;pb-3 overflow-hidden&#8221; conditional_render=&#8221;%5B%7B%22value_role%22%3A%22administrator%22%7D%5D&#8221; css=&#8221;.vc_custom_1674653550144{background-color: #efecfd !important;}&#8221;][vc_column css=&#8221;.vc_custom_1674633262863{padding-top: 50px !important;}&#8221; conditional_render=&#8221;%5B%7B%22value_role%22%3A%22administrator%22%7D%5D&#8221;]<div class=\"porto-u-heading pb-2 mb-3  wpb_custom_dfcc2051c26cb1e38539f9715910b5b3 porto-u-55ca8359258f9a412be7e73af65d2aac \"><div class=\"porto-u-main-heading\"><h2 data-plugin-animated-letters data-plugin-options=\"{&quot;startDelay&quot;:0,&quot;minWindowWidth&quot;:992,&quot;animationSpeed&quot;:20}\" >Palvelut<\/h2><\/div><style>.porto-u-55ca8359258f9a412be7e73af65d2aac.porto-u-heading{text-align:center}<\/style><\/div>[vc_row_inner wrap_container=&#8221;yes&#8221; animation_delay=&#8221;200&#8243; el_class=&#8221;p-t-xs z-index-2 position-relative&#8221;][vc_column_inner][porto_tb_posts post_type=&#8221;portfolio&#8221; orderby=&#8221;date&#8221; order=&#8221;DESC&#8221; columns_tablet=&#8221;2&#8243; columns_mobile=&#8221;1&#8243; builder_id=&#8221;40&#8243; count=&#8221;4&#8243;][vc_empty_space height=&#8221;50px&#8221;][vc_btn title=&#8221;KAIKKI PALVELUT&#8221; style=&#8221;modern&#8221; shape=&#8221;rounded&#8221; align=&#8221;center&#8221; skin=&#8221;primary&#8221; btn_fs=&#8221;0.95em&#8221; btn_fw=&#8221;600&#8243; btn_ls=&#8221;1px&#8221; el_cls=&#8221;border-0&#8243; animation_delay=&#8221;1000&#8243; link=&#8221;url:https%3A%2F%2Fad3doors.ee%2Ffi%2Fpalvelut%2F|title:Palvelut&#8221; css=&#8221;.vc_custom_1676273969706{margin-top: 1px !important;margin-bottom: 33px !important;}&#8221; btn_px=&#8221;3rem&#8221; btn_py=&#8221;1rem&#8221;][\/vc_column_inner][\/vc_row_inner][\/vc_column][\/vc_row]<\/p>\n<\/div>","protected":false},"excerpt":{"rendered":"<p>[vc_row wrap_container=&#8221;yes&#8221; conditional_render=&#8221;%5B%7B%22value_role%22%3A%22administrator%22%7D%5D&#8221; el_class=&#8221;p-b-sm mb-lg-2 mt-lg-4 mt-5 mb-5&#8243; css=&#8221;.vc_custom_1674653819481{padding-top: 50px !important;}&#8221;][vc_column width=&#8221;1\/2&#8243; conditional_render=&#8221;%5B%7B%22value_role%22%3A%22administrator%22%7D%5D&#8221;][vc_raw_html el_class=&#8221;position-absolute h-100 mb-0 w-100&#8243;]JTNDZGl2JTIwY2xhc3MlM0QlMjJhcHBlYXItYW5pbWF0aW9uJTIwcG9zaXRpb24tYWJzb2x1dGUlMjBhbmltYXRlZCUyMGV4cGFuZEluV2l0aEJsdXIlMjBhcHBlYXItYW5pbWF0aW9uLXZpc2libGUlMjIlMjBzdHlsZSUzRCUyMndpZHRoJTNBJTIwMjVweCUzQiUyMGhlaWdodCUzQSUyMDI1cHglM0IlMjB0b3AlM0ElMjA0LjMlMjUlM0IlMjBsZWZ0JTNBJTIwMTguNyUyNSUzQiUyMHotaW5kZXglM0ElMjAyJTNCJTIwYW5pbWF0aW9uLWR1cmF0aW9uJTNBJTIwMnMlM0IlMjBhbmltYXRpb24tZGVsYXklM0ElMjA5MDBtcyUzQiUyMiUyMGRhdGEtYXBwZWFyLWFuaW1hdGlvbiUzRCUyMmV4cGFuZEluV2l0aEJsdXIlMjIlMjBkYXRhLWFwcGVhci1hbmltYXRpb24tZGVsYXklM0QlMjI5MDAlMjIlMjBkYXRhLWFwcGVhci1hbmltYXRpb24tZHVyYXRpb24lM0QlMjIycyUyMiUzRSUwQSUyMCUyMCUyMCUyMCUzQ2RpdiUyMGNsYXNzJTNEJTIyYmctcHJpbWFyeSUyMHJvdW5kZWQtY2lyY2xlJTIwdy0xMDAlMjBoLTEwMCUyMiUyMGRhdGEtcGx1Z2luLWZsb2F0LWVsZW1lbnQlM0QlMjIlMjIlMjBkYXRhLXBsdWdpbi1vcHRpb25zJTNEJTIyJTdCJTI3c3RhcnRQb3MlMjclM0ElMjAlMjd0b3AlMjclMkMlMjAlMjdzcGVlZCUyNyUzQSUyMDAuMyUyQyUyMCUyN3RyYW5zaXRpb24lMjclM0ElMjB0cnVlJTJDJTIwJTI3dHJhbnNpdGlvbkR1cmF0aW9uJTI3JTNBJTIwMTAwMCU3RCUyMiUyMHN0eWxlJTNEJTIydG9wJTNBJTIwMHB4JTNCJTIwdHJhbnNpdGlvbiUzQSUyMHRyYW5zZm9ybSUyMDEwMDBtcyUyMGVhc2Utb3V0JTIwMG1zJTNCJTIwdHJhbnNmb3JtJTNBJTIwdHJhbnNsYXRlM2QlMjgwcHglMkMlMjA3MS4xNDIyJTI1JTJDJTIwMHB4JTI5JTNCJTIwb3BhY2l0eSUzQSUyMDAuNCUzQiUyMiUzRSUzQyUyRmRpdiUzRSUwOSUwQSUzQyUyRmRpdiUzRSUwQSUzQ2RpdiUyMGNsYXNzJTNEJTIyYXBwZWFyLWFuaW1hdGlvbiUyMHBvc2l0aW9uLWFic29sdXRlJTIwYW5pbWF0ZWQlMjBleHBhbmRJbldpdGhCbHVyJTIwYXBwZWFyLWFuaW1hdGlvbi12aXNpYmxlJTIyJTIwc3R5bGUlM0QlMjJ3aWR0aCUzQSUyMDE1cHglM0IlMjBoZWlnaHQlM0ElMjAxNXB4JTNCJTIwdG9wJTNBJTIwMzkuNyUyNSUzQiUyMGxlZnQlM0ElMjAyLjQlMjUlM0IlMjB6LWluZGV4JTNBJTIwMiUzQiUyMGFuaW1hdGlvbi1kdXJhdGlvbiUzQSUyMDJzJTNCJTIwYW5pbWF0aW9uLWRlbGF5JTNBJTIwOTAwbXMlM0IlMjIlMjBkYXRhLWFwcGVhci1hbmltYXRpb24lM0QlMjJleHBhbmRJbldpdGhCbHVyJTIyJTIwZGF0YS1hcHBlYXItYW5pbWF0aW9uLWRlbGF5JTNEJTIyOTAwJTIyJTIwZGF0YS1hcHBlYXItYW5pbWF0aW9uLWR1cmF0aW9uJTNEJTIyMnMlMjIlM0UlMEElMjAlMjAlMjAlMjAlM0NkaXYlMjBjbGFzcyUzRCUyMmJnLXByaW1hcnklMjByb3VuZGVkLWNpcmNsZSUyMHctMTAwJTIwaC0xMDAlMjIlMjBkYXRhLXBsdWdpbi1mbG9hdC1lbGVtZW50JTNEJTIyJTIyJTIwZGF0YS1wbHVnaW4tb3B0aW9ucyUzRCUyMiU3QiUyN3N0YXJ0UG9zJTI3JTNBJTIwJTI3dG9wJTI3JTJDJTIwJTI3c3BlZWQlMjclM0ElMjAwLjMlMkMlMjAlMjd0cmFuc2l0aW9uJTI3JTNBJTIwdHJ1ZSUyQyUyMCUyN3RyYW5zaXRpb25EdXJhdGlvbiUyNyUzQSUyMDEwMDAlN0QlMjIlMjBzdHlsZSUzRCUyMnRvcCUzQSUyMDBweCUzQiUyMHRyYW5zaXRpb24lM0ElMjB0cmFuc2Zvcm0lMjAxMDAwbXMlMjBlYXNlLW91dCUyMDBtcyUzQiUyMHRyYW5zZm9ybSUzQSUyMHRyYW5zbGF0ZTNkJTI4MHB4JTJDJTIwMjA1LjIwNyUyNSUyQyUyMDBweCUyOSUzQiUyMG9wYWNpdHklM0ElMjAwLjQlM0IlMjIlM0UlM0MlMkZkaXYlM0UlMDklMEElM0MlMkZkaXYlM0U=[\/vc_raw_html][vc_single_image image=&#8221;622&#8243; img_size=&#8221;621&#215;708&#8243; style=&#8221;vc_box_rounded&#8221; animation_delay=&#8221;200&#8243; el_class=&#8221;p-lg-5&#8243; animation_type=&#8221;fadeIn&#8221;][\/vc_column][vc_column width=&#8221;1\/2&#8243;][vc_column_text] Aloitimme vuonna 1992 p\u00e4\u00e4asiassa graafisen suunnittelun ja mainospalveluiden tarjoajana. Toimialojemme muodostumiseen vaikuttivat mm. tuolloin mukana olleiden henkil\u00f6iden akateeminen taiteilijakoulutuksellinen tausta ja tietotaidot. Visuaalinen ulkoasu ja teksti ovat aina tiiviisti sidottuja toisiinsa. [&hellip;]<\/p>\n","protected":false},"author":1,"featured_media":0,"parent":0,"menu_order":0,"comment_status":"closed","ping_status":"closed","template":"","meta":{"_monsterinsights_skip_tracking":false,"_monsterinsights_sitenote_active":false,"_monsterinsights_sitenote_note":"","_monsterinsights_sitenote_category":0,"footnotes":""},"class_list":["post-869","page","type-page","status-publish","hentry"],"aioseo_notices":[],"_links":{"self":[{"href":"https:\/\/ad3doors.ee\/fi\/wp-json\/wp\/v2\/pages\/869","targetHints":{"allow":["GET"]}}],"collection":[{"href":"https:\/\/ad3doors.ee\/fi\/wp-json\/wp\/v2\/pages"}],"about":[{"href":"https:\/\/ad3doors.ee\/fi\/wp-json\/wp\/v2\/types\/page"}],"author":[{"embeddable":true,"href":"https:\/\/ad3doors.ee\/fi\/wp-json\/wp\/v2\/users\/1"}],"replies":[{"embeddable":true,"href":"https:\/\/ad3doors.ee\/fi\/wp-json\/wp\/v2\/comments?post=869"}],"version-history":[{"count":5,"href":"https:\/\/ad3doors.ee\/fi\/wp-json\/wp\/v2\/pages\/869\/revisions"}],"predecessor-version":[{"id":1103,"href":"https:\/\/ad3doors.ee\/fi\/wp-json\/wp\/v2\/pages\/869\/revisions\/1103"}],"wp:attachment":[{"href":"https:\/\/ad3doors.ee\/fi\/wp-json\/wp\/v2\/media?parent=869"}],"curies":[{"name":"wp","href":"https:\/\/api.w.org\/{rel}","templated":true}]}}