{"id":851,"date":"2022-11-10T23:49:57","date_gmt":"2022-11-10T23:49:57","guid":{"rendered":"https:\/\/ad3doors.ee\/teenused\/"},"modified":"2025-01-05T03:35:45","modified_gmt":"2025-01-05T03:35:45","slug":"palvelut","status":"publish","type":"page","link":"https:\/\/ad3doors.ee\/fi\/palvelut\/","title":{"rendered":"Palvelut"},"content":{"rendered":"<div class=\"wpb-content-wrapper\"><p>[vc_row wrap_container=&#8221;yes&#8221; conditional_render=&#8221;%5B%7B%22value_role%22%3A%22administrator%22%7D%5D&#8221; el_class=&#8221;z-index-2 position-relative&#8221; css=&#8221;.vc_custom_1665973866226{margin-top: 98px !important;margin-bottom: 117px !important;}&#8221;][vc_column][vc_custom_heading text=&#8221;K\u00e4\u00e4nn\u00f6stoimisto AD 3DOORS tarjoaa monipuolista kokonaispalvelua, johon kuuluvat k\u00e4\u00e4nt\u00e4minen, kielenhuolto, taitto, ulkoasun suunnittelu, valmisteluty\u00f6 painoa varten sek\u00e4 painopalvelut. K\u00e4\u00e4nn\u00f6spalvelut sis\u00e4lt\u00e4v\u00e4t niin Translation Agencyk\u00e4\u00e4nn\u00f6ksen kuin tulkkauksen. K\u00e4\u00e4nn\u00e4mme ammattitaidolla esimerkiksi tekniset tekstit ja talousalan tekstit, sek\u00e4 hoidamme lokalisoinnin ja laajat monikieliset k\u00e4\u00e4nn\u00f6sprojektit.&#8221; font_container=&#8221;tag:p|font_size:1.35em|text_align:center|line_height:1.5em&#8221; use_theme_fonts=&#8221;yes&#8221; font_weight=&#8221;500&#8243; letter_spacing=&#8221;0&#8243; animation_delay=&#8221;900&#8243; el_class=&#8221;m-b-md&#8221;][vc_custom_heading text=&#8221;AD 3DOORS perustaa k\u00e4\u00e4nn\u00f6spalvelunsa Viron standardille EVS-EN ISO 17100:2015, joka on identtinen Euroopan standardin EN ISO 17100:2015 kanssa ja on my\u00f6nnetty Euroopan Standardoimisliiton (CEN) luvalla.&#8221; font_container=&#8221;tag:p|font_size:1.1em|text_align:center|line_height:26px&#8221; use_theme_fonts=&#8221;yes&#8221; letter_spacing=&#8221;0&#8243; animation_delay=&#8221;900&#8243; el_class=&#8221;m-b-md&#8221;][porto_tb_posts post_type=&#8221;portfolio&#8221; orderby=&#8221;date&#8221; order=&#8221;DESC&#8221; columns=&#8221;3&#8243; columns_tablet=&#8221;2&#8243; columns_mobile=&#8221;1&#8243; builder_id=&#8221;40&#8243; count=&#8221;20&#8243;][\/vc_column][\/vc_row][vc_row wrap_container=&#8221;yes&#8221; conditional_render=&#8221;%5B%7B%22value_role%22%3A%22administrator%22%7D%5D&#8221;][vc_column][vc_btn title=&#8221;Pyyd\u00e4 tarjous&#8221; style=&#8221;modern&#8221; shape=&#8221;rounded&#8221; align=&#8221;center&#8221; skin=&#8221;primary&#8221; btn_fs=&#8221;0.95em&#8221; btn_fw=&#8221;600&#8243; btn_ls=&#8221;1px&#8221; el_cls=&#8221;border-0&#8243; animation_delay=&#8221;1000&#8243; link=&#8221;url:https%3A%2F%2Fad3doors.ee%2Ffi%2Fyhteys%2F|title:Pyyd%C3%A4%20tarjous&#8221; css=&#8221;.vc_custom_1676271907879{margin-top: 1px !important;margin-bottom: 33px !important;}&#8221; btn_px=&#8221;3rem&#8221; btn_py=&#8221;1rem&#8221;][\/vc_column][\/vc_row]<\/p>\n<\/div>","protected":false},"excerpt":{"rendered":"<p>[vc_row wrap_container=&#8221;yes&#8221; conditional_render=&#8221;%5B%7B%22value_role%22%3A%22administrator%22%7D%5D&#8221; el_class=&#8221;z-index-2 position-relative&#8221; css=&#8221;.vc_custom_1665973866226{margin-top: 98px !important;margin-bottom: 117px !important;}&#8221;][vc_column][vc_custom_heading text=&#8221;K\u00e4\u00e4nn\u00f6stoimisto AD 3DOORS tarjoaa monipuolista kokonaispalvelua, johon kuuluvat k\u00e4\u00e4nt\u00e4minen, kielenhuolto, taitto, ulkoasun suunnittelu, valmisteluty\u00f6 painoa varten sek\u00e4 painopalvelut. K\u00e4\u00e4nn\u00f6spalvelut sis\u00e4lt\u00e4v\u00e4t niin Translation Agencyk\u00e4\u00e4nn\u00f6ksen kuin tulkkauksen. K\u00e4\u00e4nn\u00e4mme ammattitaidolla esimerkiksi tekniset tekstit ja talousalan tekstit, sek\u00e4 hoidamme lokalisoinnin ja laajat monikieliset k\u00e4\u00e4nn\u00f6sprojektit.&#8221; font_container=&#8221;tag:p|font_size:1.35em|text_align:center|line_height:1.5em&#8221; use_theme_fonts=&#8221;yes&#8221; font_weight=&#8221;500&#8243; letter_spacing=&#8221;0&#8243; animation_delay=&#8221;900&#8243; [&hellip;]<\/p>\n","protected":false},"author":1,"featured_media":0,"parent":0,"menu_order":0,"comment_status":"closed","ping_status":"closed","template":"","meta":{"_monsterinsights_skip_tracking":false,"_monsterinsights_sitenote_active":false,"_monsterinsights_sitenote_note":"","_monsterinsights_sitenote_category":0,"footnotes":""},"class_list":["post-851","page","type-page","status-publish","hentry"],"aioseo_notices":[],"_links":{"self":[{"href":"https:\/\/ad3doors.ee\/fi\/wp-json\/wp\/v2\/pages\/851","targetHints":{"allow":["GET"]}}],"collection":[{"href":"https:\/\/ad3doors.ee\/fi\/wp-json\/wp\/v2\/pages"}],"about":[{"href":"https:\/\/ad3doors.ee\/fi\/wp-json\/wp\/v2\/types\/page"}],"author":[{"embeddable":true,"href":"https:\/\/ad3doors.ee\/fi\/wp-json\/wp\/v2\/users\/1"}],"replies":[{"embeddable":true,"href":"https:\/\/ad3doors.ee\/fi\/wp-json\/wp\/v2\/comments?post=851"}],"version-history":[{"count":5,"href":"https:\/\/ad3doors.ee\/fi\/wp-json\/wp\/v2\/pages\/851\/revisions"}],"predecessor-version":[{"id":983,"href":"https:\/\/ad3doors.ee\/fi\/wp-json\/wp\/v2\/pages\/851\/revisions\/983"}],"wp:attachment":[{"href":"https:\/\/ad3doors.ee\/fi\/wp-json\/wp\/v2\/media?parent=851"}],"curies":[{"name":"wp","href":"https:\/\/api.w.org\/{rel}","templated":true}]}}