{"id":815,"date":"2023-01-25T09:57:05","date_gmt":"2023-01-25T09:57:05","guid":{"rendered":"https:\/\/ad3doors.ee\/kvaliteet\/"},"modified":"2025-01-06T05:07:29","modified_gmt":"2025-01-06T05:07:29","slug":"laatu","status":"publish","type":"page","link":"https:\/\/ad3doors.ee\/fi\/laatu\/","title":{"rendered":"Laatu"},"content":{"rendered":"<div class=\"wpb-content-wrapper\"><p>[vc_row wrap_container=&#8221;yes&#8221; conditional_render=&#8221;%5B%7B%22value_role%22%3A%22administrator%22%7D%5D&#8221; el_class=&#8221;p-b-sm mb-lg-2 mt-lg-4 mt-5 mb-5&#8243; css=&#8221;.vc_custom_1674653819481{padding-top: 50px !important;}&#8221;][vc_column width=&#8221;1\/2&#8243; conditional_render=&#8221;%5B%7B%22value_role%22%3A%22administrator%22%7D%5D&#8221;][vc_raw_html el_class=&#8221;position-absolute h-100 mb-0 w-100&#8243;]JTNDZGl2JTIwY2xhc3MlM0QlMjJhcHBlYXItYW5pbWF0aW9uJTIwcG9zaXRpb24tYWJzb2x1dGUlMjBhbmltYXRlZCUyMGV4cGFuZEluV2l0aEJsdXIlMjBhcHBlYXItYW5pbWF0aW9uLXZpc2libGUlMjIlMjBzdHlsZSUzRCUyMndpZHRoJTNBJTIwMjVweCUzQiUyMGhlaWdodCUzQSUyMDI1cHglM0IlMjB0b3AlM0ElMjA0LjMlMjUlM0IlMjBsZWZ0JTNBJTIwMTguNyUyNSUzQiUyMHotaW5kZXglM0ElMjAyJTNCJTIwYW5pbWF0aW9uLWR1cmF0aW9uJTNBJTIwMnMlM0IlMjBhbmltYXRpb24tZGVsYXklM0ElMjA5MDBtcyUzQiUyMiUyMGRhdGEtYXBwZWFyLWFuaW1hdGlvbiUzRCUyMmV4cGFuZEluV2l0aEJsdXIlMjIlMjBkYXRhLWFwcGVhci1hbmltYXRpb24tZGVsYXklM0QlMjI5MDAlMjIlMjBkYXRhLWFwcGVhci1hbmltYXRpb24tZHVyYXRpb24lM0QlMjIycyUyMiUzRSUwQSUyMCUyMCUyMCUyMCUzQ2RpdiUyMGNsYXNzJTNEJTIyYmctcHJpbWFyeSUyMHJvdW5kZWQtY2lyY2xlJTIwdy0xMDAlMjBoLTEwMCUyMiUyMGRhdGEtcGx1Z2luLWZsb2F0LWVsZW1lbnQlM0QlMjIlMjIlMjBkYXRhLXBsdWdpbi1vcHRpb25zJTNEJTIyJTdCJTI3c3RhcnRQb3MlMjclM0ElMjAlMjd0b3AlMjclMkMlMjAlMjdzcGVlZCUyNyUzQSUyMDAuMyUyQyUyMCUyN3RyYW5zaXRpb24lMjclM0ElMjB0cnVlJTJDJTIwJTI3dHJhbnNpdGlvbkR1cmF0aW9uJTI3JTNBJTIwMTAwMCU3RCUyMiUyMHN0eWxlJTNEJTIydG9wJTNBJTIwMHB4JTNCJTIwdHJhbnNpdGlvbiUzQSUyMHRyYW5zZm9ybSUyMDEwMDBtcyUyMGVhc2Utb3V0JTIwMG1zJTNCJTIwdHJhbnNmb3JtJTNBJTIwdHJhbnNsYXRlM2QlMjgwcHglMkMlMjA3MS4xNDIyJTI1JTJDJTIwMHB4JTI5JTNCJTIwb3BhY2l0eSUzQSUyMDAuNCUzQiUyMiUzRSUzQyUyRmRpdiUzRSUwOSUwQSUzQyUyRmRpdiUzRSUwQSUzQ2RpdiUyMGNsYXNzJTNEJTIyYXBwZWFyLWFuaW1hdGlvbiUyMHBvc2l0aW9uLWFic29sdXRlJTIwYW5pbWF0ZWQlMjBleHBhbmRJbldpdGhCbHVyJTIwYXBwZWFyLWFuaW1hdGlvbi12aXNpYmxlJTIyJTIwc3R5bGUlM0QlMjJ3aWR0aCUzQSUyMDE1cHglM0IlMjBoZWlnaHQlM0ElMjAxNXB4JTNCJTIwdG9wJTNBJTIwMzkuNyUyNSUzQiUyMGxlZnQlM0ElMjAyLjQlMjUlM0IlMjB6LWluZGV4JTNBJTIwMiUzQiUyMGFuaW1hdGlvbi1kdXJhdGlvbiUzQSUyMDJzJTNCJTIwYW5pbWF0aW9uLWRlbGF5JTNBJTIwOTAwbXMlM0IlMjIlMjBkYXRhLWFwcGVhci1hbmltYXRpb24lM0QlMjJleHBhbmRJbldpdGhCbHVyJTIyJTIwZGF0YS1hcHBlYXItYW5pbWF0aW9uLWRlbGF5JTNEJTIyOTAwJTIyJTIwZGF0YS1hcHBlYXItYW5pbWF0aW9uLWR1cmF0aW9uJTNEJTIyMnMlMjIlM0UlMEElMjAlMjAlMjAlMjAlM0NkaXYlMjBjbGFzcyUzRCUyMmJnLXByaW1hcnklMjByb3VuZGVkLWNpcmNsZSUyMHctMTAwJTIwaC0xMDAlMjIlMjBkYXRhLXBsdWdpbi1mbG9hdC1lbGVtZW50JTNEJTIyJTIyJTIwZGF0YS1wbHVnaW4tb3B0aW9ucyUzRCUyMiU3QiUyN3N0YXJ0UG9zJTI3JTNBJTIwJTI3dG9wJTI3JTJDJTIwJTI3c3BlZWQlMjclM0ElMjAwLjMlMkMlMjAlMjd0cmFuc2l0aW9uJTI3JTNBJTIwdHJ1ZSUyQyUyMCUyN3RyYW5zaXRpb25EdXJhdGlvbiUyNyUzQSUyMDEwMDAlN0QlMjIlMjBzdHlsZSUzRCUyMnRvcCUzQSUyMDBweCUzQiUyMHRyYW5zaXRpb24lM0ElMjB0cmFuc2Zvcm0lMjAxMDAwbXMlMjBlYXNlLW91dCUyMDBtcyUzQiUyMHRyYW5zZm9ybSUzQSUyMHRyYW5zbGF0ZTNkJTI4MHB4JTJDJTIwMjA1LjIwNyUyNSUyQyUyMDBweCUyOSUzQiUyMG9wYWNpdHklM0ElMjAwLjQlM0IlMjIlM0UlM0MlMkZkaXYlM0UlMDklMEElM0MlMkZkaXYlM0U=[\/vc_raw_html][vc_single_image image=&#8221;628&#8243; img_size=&#8221;535&#215;426&#8243; style=&#8221;vc_box_rounded&#8221; animation_delay=&#8221;200&#8243; el_class=&#8221;p-lg-5&#8243; animation_type=&#8221;fadeIn&#8221;][\/vc_column][vc_column width=&#8221;1\/2&#8243;]<div class=\"porto-u-heading mb-3  wpb_custom_7aa0a8d8b9c5969510ae43264796cedf porto-u-ad87e2eaf3f9c495180fe0156ddf3eb0 \"><div class=\"porto-u-main-heading\"><h2 data-plugin-animated-words data-plugin-options=\"{&quot;startDelay&quot;:0,&quot;minWindowWidth&quot;:992,&quot;animationSpeed&quot;:200,&quot;contentType&quot;:&quot;word&quot;}\"  style=\"color:rgba(33,37,41,0.7);\">LAADUN VARMISTAMINEN<\/h2><\/div><style>.porto-u-ad87e2eaf3f9c495180fe0156ddf3eb0.porto-u-heading{text-align:left}<\/style><\/div><div class=\"porto-u-heading pb-2 mb-3  wpb_custom_dfcc2051c26cb1e38539f9715910b5b3 porto-u-ad87e2eaf3f9c495180fe0156ddf3eb0 \"><div class=\"porto-u-main-heading\"><h2 data-plugin-animated-letters data-plugin-options=\"{&quot;startDelay&quot;:0,&quot;minWindowWidth&quot;:992,&quot;animationSpeed&quot;:20}\" >Laadunhallintaj\u00e4rjestelm\u00e4<\/h2><\/div><style>.porto-u-ad87e2eaf3f9c495180fe0156ddf3eb0.porto-u-heading{text-align:left}<\/style><\/div>[vc_column_text]<\/p>\n<div class=\"post-entry\">\n<div>AD 3DOORS perustaa k\u00e4\u00e4nn\u00f6spalvelunsa Viron standardille EVS-EN ISO 17100:2015, joka on identtinen Euroopan standardin EN ISO 17100:2015 kanssa ja on my\u00f6nnetty Euroopan Standardoimisliiton (CEN) luvalla. Yrityksen toiminta on ISO 9001:2015 standardin ja Viron k\u00e4\u00e4nn\u00f6stoimistojen liiton (ETBL) k\u00e4\u00e4nn\u00f6spalvelun laatustandardin mukaista.<\/div>\n<div>Laadun varmistamiseksi yrityksess\u00e4 on k\u00e4yt\u00f6ss\u00e4 laadunvalvontaj\u00e4rjestelm\u00e4, joka sis\u00e4lt\u00e4\u00e4 mm.:<\/div>\n<ul>\n<li>k\u00e4\u00e4nt\u00e4jien testausmenettelyn;<\/li>\n<li>projektien vaiheiden rekister\u00f6innin tietokantaan;<\/li>\n<li>yhteisty\u00f6n periaatteet projektin osallisten kesken;<\/li>\n<li>yhteisty\u00f6n periaatteet asiakkaiden kanssa;<\/li>\n<li>projektien tarkastusmenettelyt;<\/li>\n<li>aineistojen arkistoinnin sovitun mukaan;<\/li>\n<li>luottamuksellisuusehdot;<\/li>\n<li>asiakkaiden palautteet.<\/li>\n<\/ul>\n<div>Laadun takaamiseksi meill\u00e4 on valttikorttinamme motivoitunut ja kokenut henkil\u00f6kunta, johon kuuluvat huolella valitut ja pitk\u00e4n ty\u00f6kokemuksen omaavat eri alojen asiantuntijat.<\/div>\n<div>AD 3DOORSin palveluiden laadusta kertovat pitk\u00e4aikaiset ja luotettavat asiakassuhteet niin Virossa kuin muissakin EU:n j\u00e4senvaltioissa.<\/div>\n<\/div>\n<p>[\/vc_column_text][vc_btn title=&#8221;PYYD\u00c4 TARJOUS&#8221; style=&#8221;modern&#8221; shape=&#8221;rounded&#8221; skin=&#8221;primary&#8221; btn_fs=&#8221;0.95em&#8221; btn_fw=&#8221;600&#8243; btn_ls=&#8221;1px&#8221; el_cls=&#8221;border-0&#8243; animation_delay=&#8221;1000&#8243; link=&#8221;url:https%3A%2F%2Fad3doors.ee%2Ffi%2Fyhteys%2F|title:PYYD%C3%84%20TARJOUS%20&#8243; css=&#8221;.vc_custom_1676274334088{margin-top: 1px !important;margin-bottom: 33px !important;}&#8221; btn_px=&#8221;3rem&#8221; btn_py=&#8221;1rem&#8221;][\/vc_column][\/vc_row][vc_row el_class=&#8221;pb-3 overflow-hidden&#8221; conditional_render=&#8221;%5B%7B%22value_role%22%3A%22administrator%22%7D%5D&#8221; css=&#8221;.vc_custom_1674653550144{background-color: #efecfd !important;}&#8221;][vc_column css=&#8221;.vc_custom_1674633262863{padding-top: 50px !important;}&#8221; conditional_render=&#8221;%5B%7B%22value_role%22%3A%22administrator%22%7D%5D&#8221;]<div class=\"porto-u-heading pb-2 mb-3  wpb_custom_dfcc2051c26cb1e38539f9715910b5b3 porto-u-55ca8359258f9a412be7e73af65d2aac \"><div class=\"porto-u-main-heading\"><h2 data-plugin-animated-letters data-plugin-options=\"{&quot;startDelay&quot;:0,&quot;minWindowWidth&quot;:992,&quot;animationSpeed&quot;:20}\" >Palvelut<\/h2><\/div><style>.porto-u-55ca8359258f9a412be7e73af65d2aac.porto-u-heading{text-align:center}<\/style><\/div>[vc_row_inner wrap_container=&#8221;yes&#8221; animation_delay=&#8221;200&#8243; el_class=&#8221;p-t-xs z-index-2 position-relative&#8221;][vc_column_inner][porto_tb_posts post_type=&#8221;portfolio&#8221; orderby=&#8221;date&#8221; order=&#8221;DESC&#8221; columns_tablet=&#8221;2&#8243; columns_mobile=&#8221;1&#8243; builder_id=&#8221;40&#8243; count=&#8221;4&#8243;][vc_empty_space height=&#8221;50px&#8221;][vc_btn title=&#8221;KAIKKI PALVELUT&#8221; style=&#8221;modern&#8221; shape=&#8221;rounded&#8221; align=&#8221;center&#8221; skin=&#8221;primary&#8221; btn_fs=&#8221;0.95em&#8221; btn_fw=&#8221;600&#8243; btn_ls=&#8221;1px&#8221; el_cls=&#8221;border-0&#8243; animation_delay=&#8221;1000&#8243; link=&#8221;url:https%3A%2F%2Fad3doors.ee%2Ffi%2Fpalvelut%2F|title:Teenused&#8221; css=&#8221;.vc_custom_1676274382836{margin-top: 1px !important;margin-bottom: 33px !important;}&#8221; btn_px=&#8221;3rem&#8221; btn_py=&#8221;1rem&#8221;][\/vc_column_inner][\/vc_row_inner][\/vc_column][\/vc_row]<\/p>\n<\/div>","protected":false},"excerpt":{"rendered":"<p>[vc_row wrap_container=&#8221;yes&#8221; conditional_render=&#8221;%5B%7B%22value_role%22%3A%22administrator%22%7D%5D&#8221; el_class=&#8221;p-b-sm mb-lg-2 mt-lg-4 mt-5 mb-5&#8243; css=&#8221;.vc_custom_1674653819481{padding-top: 50px !important;}&#8221;][vc_column width=&#8221;1\/2&#8243; conditional_render=&#8221;%5B%7B%22value_role%22%3A%22administrator%22%7D%5D&#8221;][vc_raw_html el_class=&#8221;position-absolute h-100 mb-0 w-100&#8243;]JTNDZGl2JTIwY2xhc3MlM0QlMjJhcHBlYXItYW5pbWF0aW9uJTIwcG9zaXRpb24tYWJzb2x1dGUlMjBhbmltYXRlZCUyMGV4cGFuZEluV2l0aEJsdXIlMjBhcHBlYXItYW5pbWF0aW9uLXZpc2libGUlMjIlMjBzdHlsZSUzRCUyMndpZHRoJTNBJTIwMjVweCUzQiUyMGhlaWdodCUzQSUyMDI1cHglM0IlMjB0b3AlM0ElMjA0LjMlMjUlM0IlMjBsZWZ0JTNBJTIwMTguNyUyNSUzQiUyMHotaW5kZXglM0ElMjAyJTNCJTIwYW5pbWF0aW9uLWR1cmF0aW9uJTNBJTIwMnMlM0IlMjBhbmltYXRpb24tZGVsYXklM0ElMjA5MDBtcyUzQiUyMiUyMGRhdGEtYXBwZWFyLWFuaW1hdGlvbiUzRCUyMmV4cGFuZEluV2l0aEJsdXIlMjIlMjBkYXRhLWFwcGVhci1hbmltYXRpb24tZGVsYXklM0QlMjI5MDAlMjIlMjBkYXRhLWFwcGVhci1hbmltYXRpb24tZHVyYXRpb24lM0QlMjIycyUyMiUzRSUwQSUyMCUyMCUyMCUyMCUzQ2RpdiUyMGNsYXNzJTNEJTIyYmctcHJpbWFyeSUyMHJvdW5kZWQtY2lyY2xlJTIwdy0xMDAlMjBoLTEwMCUyMiUyMGRhdGEtcGx1Z2luLWZsb2F0LWVsZW1lbnQlM0QlMjIlMjIlMjBkYXRhLXBsdWdpbi1vcHRpb25zJTNEJTIyJTdCJTI3c3RhcnRQb3MlMjclM0ElMjAlMjd0b3AlMjclMkMlMjAlMjdzcGVlZCUyNyUzQSUyMDAuMyUyQyUyMCUyN3RyYW5zaXRpb24lMjclM0ElMjB0cnVlJTJDJTIwJTI3dHJhbnNpdGlvbkR1cmF0aW9uJTI3JTNBJTIwMTAwMCU3RCUyMiUyMHN0eWxlJTNEJTIydG9wJTNBJTIwMHB4JTNCJTIwdHJhbnNpdGlvbiUzQSUyMHRyYW5zZm9ybSUyMDEwMDBtcyUyMGVhc2Utb3V0JTIwMG1zJTNCJTIwdHJhbnNmb3JtJTNBJTIwdHJhbnNsYXRlM2QlMjgwcHglMkMlMjA3MS4xNDIyJTI1JTJDJTIwMHB4JTI5JTNCJTIwb3BhY2l0eSUzQSUyMDAuNCUzQiUyMiUzRSUzQyUyRmRpdiUzRSUwOSUwQSUzQyUyRmRpdiUzRSUwQSUzQ2RpdiUyMGNsYXNzJTNEJTIyYXBwZWFyLWFuaW1hdGlvbiUyMHBvc2l0aW9uLWFic29sdXRlJTIwYW5pbWF0ZWQlMjBleHBhbmRJbldpdGhCbHVyJTIwYXBwZWFyLWFuaW1hdGlvbi12aXNpYmxlJTIyJTIwc3R5bGUlM0QlMjJ3aWR0aCUzQSUyMDE1cHglM0IlMjBoZWlnaHQlM0ElMjAxNXB4JTNCJTIwdG9wJTNBJTIwMzkuNyUyNSUzQiUyMGxlZnQlM0ElMjAyLjQlMjUlM0IlMjB6LWluZGV4JTNBJTIwMiUzQiUyMGFuaW1hdGlvbi1kdXJhdGlvbiUzQSUyMDJzJTNCJTIwYW5pbWF0aW9uLWRlbGF5JTNBJTIwOTAwbXMlM0IlMjIlMjBkYXRhLWFwcGVhci1hbmltYXRpb24lM0QlMjJleHBhbmRJbldpdGhCbHVyJTIyJTIwZGF0YS1hcHBlYXItYW5pbWF0aW9uLWRlbGF5JTNEJTIyOTAwJTIyJTIwZGF0YS1hcHBlYXItYW5pbWF0aW9uLWR1cmF0aW9uJTNEJTIyMnMlMjIlM0UlMEElMjAlMjAlMjAlMjAlM0NkaXYlMjBjbGFzcyUzRCUyMmJnLXByaW1hcnklMjByb3VuZGVkLWNpcmNsZSUyMHctMTAwJTIwaC0xMDAlMjIlMjBkYXRhLXBsdWdpbi1mbG9hdC1lbGVtZW50JTNEJTIyJTIyJTIwZGF0YS1wbHVnaW4tb3B0aW9ucyUzRCUyMiU3QiUyN3N0YXJ0UG9zJTI3JTNBJTIwJTI3dG9wJTI3JTJDJTIwJTI3c3BlZWQlMjclM0ElMjAwLjMlMkMlMjAlMjd0cmFuc2l0aW9uJTI3JTNBJTIwdHJ1ZSUyQyUyMCUyN3RyYW5zaXRpb25EdXJhdGlvbiUyNyUzQSUyMDEwMDAlN0QlMjIlMjBzdHlsZSUzRCUyMnRvcCUzQSUyMDBweCUzQiUyMHRyYW5zaXRpb24lM0ElMjB0cmFuc2Zvcm0lMjAxMDAwbXMlMjBlYXNlLW91dCUyMDBtcyUzQiUyMHRyYW5zZm9ybSUzQSUyMHRyYW5zbGF0ZTNkJTI4MHB4JTJDJTIwMjA1LjIwNyUyNSUyQyUyMDBweCUyOSUzQiUyMG9wYWNpdHklM0ElMjAwLjQlM0IlMjIlM0UlM0MlMkZkaXYlM0UlMDklMEElM0MlMkZkaXYlM0U=[\/vc_raw_html][vc_single_image image=&#8221;628&#8243; img_size=&#8221;535&#215;426&#8243; style=&#8221;vc_box_rounded&#8221; animation_delay=&#8221;200&#8243; el_class=&#8221;p-lg-5&#8243; animation_type=&#8221;fadeIn&#8221;][\/vc_column][vc_column width=&#8221;1\/2&#8243;][vc_column_text] AD 3DOORS perustaa k\u00e4\u00e4nn\u00f6spalvelunsa Viron standardille EVS-EN ISO 17100:2015, joka on identtinen Euroopan standardin EN ISO 17100:2015 kanssa ja on my\u00f6nnetty Euroopan Standardoimisliiton (CEN) luvalla. Yrityksen toiminta on ISO 9001:2015 standardin [&hellip;]<\/p>\n","protected":false},"author":1,"featured_media":0,"parent":0,"menu_order":0,"comment_status":"closed","ping_status":"closed","template":"","meta":{"_monsterinsights_skip_tracking":false,"_monsterinsights_sitenote_active":false,"_monsterinsights_sitenote_note":"","_monsterinsights_sitenote_category":0,"footnotes":""},"class_list":["post-815","page","type-page","status-publish","hentry"],"aioseo_notices":[],"_links":{"self":[{"href":"https:\/\/ad3doors.ee\/fi\/wp-json\/wp\/v2\/pages\/815","targetHints":{"allow":["GET"]}}],"collection":[{"href":"https:\/\/ad3doors.ee\/fi\/wp-json\/wp\/v2\/pages"}],"about":[{"href":"https:\/\/ad3doors.ee\/fi\/wp-json\/wp\/v2\/types\/page"}],"author":[{"embeddable":true,"href":"https:\/\/ad3doors.ee\/fi\/wp-json\/wp\/v2\/users\/1"}],"replies":[{"embeddable":true,"href":"https:\/\/ad3doors.ee\/fi\/wp-json\/wp\/v2\/comments?post=815"}],"version-history":[{"count":5,"href":"https:\/\/ad3doors.ee\/fi\/wp-json\/wp\/v2\/pages\/815\/revisions"}],"predecessor-version":[{"id":1106,"href":"https:\/\/ad3doors.ee\/fi\/wp-json\/wp\/v2\/pages\/815\/revisions\/1106"}],"wp:attachment":[{"href":"https:\/\/ad3doors.ee\/fi\/wp-json\/wp\/v2\/media?parent=815"}],"curies":[{"name":"wp","href":"https:\/\/api.w.org\/{rel}","templated":true}]}}