{"id":812,"date":"2023-01-25T09:58:18","date_gmt":"2023-01-25T09:58:18","guid":{"rendered":"https:\/\/ad3doors.ee\/tolkemalu\/"},"modified":"2025-01-28T11:25:24","modified_gmt":"2025-01-28T11:25:24","slug":"kaannosmuisti","status":"publish","type":"page","link":"https:\/\/ad3doors.ee\/fi\/kaannosmuisti\/","title":{"rendered":"K\u00e4\u00e4nn\u00f6smuisti"},"content":{"rendered":"<div class=\"wpb-content-wrapper\"><p>[vc_row wrap_container=&#8221;yes&#8221; content_placement=&#8221;middle&#8221; conditional_render=&#8221;%5B%7B%22value_role%22%3A%22administrator%22%7D%5D&#8221; el_class=&#8221;p-b-sm mb-lg-2 mt-lg-4 mt-5 mb-5&#8243;][vc_column width=&#8221;1\/2&#8243; conditional_render=&#8221;%5B%7B%22value_role%22%3A%22administrator%22%7D%5D&#8221;][vc_raw_html el_class=&#8221;position-absolute h-100 mb-0 w-100&#8243;]JTNDZGl2JTIwY2xhc3MlM0QlMjJhcHBlYXItYW5pbWF0aW9uJTIwcG9zaXRpb24tYWJzb2x1dGUlMjBhbmltYXRlZCUyMGV4cGFuZEluV2l0aEJsdXIlMjBhcHBlYXItYW5pbWF0aW9uLXZpc2libGUlMjIlMjBzdHlsZSUzRCUyMndpZHRoJTNBJTIwMjVweCUzQiUyMGhlaWdodCUzQSUyMDI1cHglM0IlMjB0b3AlM0ElMjA0LjMlMjUlM0IlMjBsZWZ0JTNBJTIwMTguNyUyNSUzQiUyMHotaW5kZXglM0ElMjAyJTNCJTIwYW5pbWF0aW9uLWR1cmF0aW9uJTNBJTIwMnMlM0IlMjBhbmltYXRpb24tZGVsYXklM0ElMjA5MDBtcyUzQiUyMiUyMGRhdGEtYXBwZWFyLWFuaW1hdGlvbiUzRCUyMmV4cGFuZEluV2l0aEJsdXIlMjIlMjBkYXRhLWFwcGVhci1hbmltYXRpb24tZGVsYXklM0QlMjI5MDAlMjIlMjBkYXRhLWFwcGVhci1hbmltYXRpb24tZHVyYXRpb24lM0QlMjIycyUyMiUzRSUwQSUyMCUyMCUyMCUyMCUzQ2RpdiUyMGNsYXNzJTNEJTIyYmctcHJpbWFyeSUyMHJvdW5kZWQtY2lyY2xlJTIwdy0xMDAlMjBoLTEwMCUyMiUyMGRhdGEtcGx1Z2luLWZsb2F0LWVsZW1lbnQlM0QlMjIlMjIlMjBkYXRhLXBsdWdpbi1vcHRpb25zJTNEJTIyJTdCJTI3c3RhcnRQb3MlMjclM0ElMjAlMjd0b3AlMjclMkMlMjAlMjdzcGVlZCUyNyUzQSUyMDAuMyUyQyUyMCUyN3RyYW5zaXRpb24lMjclM0ElMjB0cnVlJTJDJTIwJTI3dHJhbnNpdGlvbkR1cmF0aW9uJTI3JTNBJTIwMTAwMCU3RCUyMiUyMHN0eWxlJTNEJTIydG9wJTNBJTIwMHB4JTNCJTIwdHJhbnNpdGlvbiUzQSUyMHRyYW5zZm9ybSUyMDEwMDBtcyUyMGVhc2Utb3V0JTIwMG1zJTNCJTIwdHJhbnNmb3JtJTNBJTIwdHJhbnNsYXRlM2QlMjgwcHglMkMlMjA3MS4xNDIyJTI1JTJDJTIwMHB4JTI5JTNCJTIwb3BhY2l0eSUzQSUyMDAuNCUzQiUyMiUzRSUzQyUyRmRpdiUzRSUwOSUwQSUzQyUyRmRpdiUzRSUwQSUzQ2RpdiUyMGNsYXNzJTNEJTIyYXBwZWFyLWFuaW1hdGlvbiUyMHBvc2l0aW9uLWFic29sdXRlJTIwYW5pbWF0ZWQlMjBleHBhbmRJbldpdGhCbHVyJTIwYXBwZWFyLWFuaW1hdGlvbi12aXNpYmxlJTIyJTIwc3R5bGUlM0QlMjJ3aWR0aCUzQSUyMDE1cHglM0IlMjBoZWlnaHQlM0ElMjAxNXB4JTNCJTIwdG9wJTNBJTIwMzkuNyUyNSUzQiUyMGxlZnQlM0ElMjAyLjQlMjUlM0IlMjB6LWluZGV4JTNBJTIwMiUzQiUyMGFuaW1hdGlvbi1kdXJhdGlvbiUzQSUyMDJzJTNCJTIwYW5pbWF0aW9uLWRlbGF5JTNBJTIwOTAwbXMlM0IlMjIlMjBkYXRhLWFwcGVhci1hbmltYXRpb24lM0QlMjJleHBhbmRJbldpdGhCbHVyJTIyJTIwZGF0YS1hcHBlYXItYW5pbWF0aW9uLWRlbGF5JTNEJTIyOTAwJTIyJTIwZGF0YS1hcHBlYXItYW5pbWF0aW9uLWR1cmF0aW9uJTNEJTIyMnMlMjIlM0UlMEElMjAlMjAlMjAlMjAlM0NkaXYlMjBjbGFzcyUzRCUyMmJnLXByaW1hcnklMjByb3VuZGVkLWNpcmNsZSUyMHctMTAwJTIwaC0xMDAlMjIlMjBkYXRhLXBsdWdpbi1mbG9hdC1lbGVtZW50JTNEJTIyJTIyJTIwZGF0YS1wbHVnaW4tb3B0aW9ucyUzRCUyMiU3QiUyN3N0YXJ0UG9zJTI3JTNBJTIwJTI3dG9wJTI3JTJDJTIwJTI3c3BlZWQlMjclM0ElMjAwLjMlMkMlMjAlMjd0cmFuc2l0aW9uJTI3JTNBJTIwdHJ1ZSUyQyUyMCUyN3RyYW5zaXRpb25EdXJhdGlvbiUyNyUzQSUyMDEwMDAlN0QlMjIlMjBzdHlsZSUzRCUyMnRvcCUzQSUyMDBweCUzQiUyMHRyYW5zaXRpb24lM0ElMjB0cmFuc2Zvcm0lMjAxMDAwbXMlMjBlYXNlLW91dCUyMDBtcyUzQiUyMHRyYW5zZm9ybSUzQSUyMHRyYW5zbGF0ZTNkJTI4MHB4JTJDJTIwMjA1LjIwNyUyNSUyQyUyMDBweCUyOSUzQiUyMG9wYWNpdHklM0ElMjAwLjQlM0IlMjIlM0UlM0MlMkZkaXYlM0UlMDklMEElM0MlMkZkaXYlM0U=[\/vc_raw_html][vc_single_image image=&#8221;642&#8243; img_size=&#8221;528&#215;516&#8243; style=&#8221;vc_box_rounded&#8221; animation_delay=&#8221;200&#8243; el_class=&#8221;p-lg-5&#8243; animation_type=&#8221;fadeIn&#8221;][\/vc_column][vc_column width=&#8221;1\/2&#8243;][vc_accordion active_tab=&#8221;1&#8243; collapsible=&#8221;yes&#8221; type=&#8221;without-bg without-borders&#8221; size=&#8221;panel-group-lg&#8221;][vc_accordion_tab title=&#8221;K\u00e4site ja k\u00e4ytt\u00f6tarkoitus&#8221; show_icon=&#8221;yes&#8221; icon=&#8221;fas fa-plus&#8221;][vc_column_text css=&#8221;&#8221;]K\u00e4\u00e4nn\u00f6smuisti tarkoittaa k\u00e4\u00e4nt\u00e4jien toimesta k\u00e4\u00e4nt\u00e4misen aikana syntyv\u00e4\u00e4 l\u00e4hde- ja kohdekielen lauseparien eli k\u00e4\u00e4nn\u00f6ssegmenttien kokonaisuutta, joka luo siteen kielien v\u00e4liin.<br \/>\nK\u00e4\u00e4nn\u00f6smuistin tavoitteena on ennen kaikkea:<\/p>\n<ul>\n<li>nopeuttaa k\u00e4\u00e4nt\u00e4mist\u00e4;<\/li>\n<li>yhten\u00e4ist\u00e4\u00e4 termien k\u00e4ytt\u00f6\u00e4;<\/li>\n<li>s\u00e4\u00e4st\u00e4\u00e4 rahaa olemassa olevilta k\u00e4\u00e4nnetyilt\u00e4 tekstiosuuksilta.<\/li>\n<\/ul>\n<p>Asiakas voi olla varma, ett\u00e4 kerran k\u00e4\u00e4nnetyt ja vahvistetut tekstit tai tekstin osat s\u00e4ilyv\u00e4t muuttumattomina my\u00f6s jatkossa. Jos k\u00e4\u00e4nn\u00f6stoimistolla on parannusehdotuksia muualla k\u00e4\u00e4nnetyn tekstin suhteen, muutokset tehd\u00e4\u00e4n vain asiakkaan hyv\u00e4ksynn\u00e4ll\u00e4.<\/p>\n<p>AD 3DOORS k\u00e4ytt\u00e4\u00e4 kansainv\u00e4lisesti tunnustetuinta k\u00e4\u00e4nn\u00f6smuistiohjelmaa SDL Trados (ks. <a href=\"http:\/\/www.trados.com\/\">www.trados.com<\/a>).\u00a0 Meill\u00e4 on kokemusta my\u00f6s muista k\u00e4\u00e4nn\u00f6sohjelmista (<a href=\"https:\/\/www.rws.com\/\">SDLX<\/a>, <a href=\"http:\/\/www.star-group.net\/DEU\/group-transit-nxt\/transit.html\">Star Transit<\/a>, Logoport jne.)[\/vc_column_text][\/vc_accordion_tab][vc_accordion_tab title=&#8221;Tekstin ulkoasun s\u00e4ilytt\u00e4minen&#8221; show_icon=&#8221;yes&#8221; icon=&#8221;fas fa-plus&#8221;][vc_column_text css=&#8221;&#8221;]K\u00e4\u00e4nn\u00f6smuistiohjelmien etuna on tekstin ulkoasun s\u00e4ilytt\u00e4minen k\u00e4\u00e4nt\u00e4misen aikana, k\u00e4ytt\u00e4m\u00e4ll\u00e4 my\u00f6hemp\u00e4\u00e4n taittoon mahdollisimman v\u00e4h\u00e4n aikaa.<\/p>\n<p>Meid\u00e4n projektip\u00e4\u00e4llik\u00f6t tekev\u00e4t koko k\u00e4\u00e4nn\u00f6sprosessin ajan tiivist\u00e4 yhteisty\u00f6t\u00e4 taittajien kanssa. Taittajat eli DTP-suunnittelijat huolehtivat yhteisty\u00f6ss\u00e4 projektip\u00e4\u00e4llikk\u00f6jen kanssa tekstin esik\u00e4sittelyst\u00e4 ennen varsinaista k\u00e4\u00e4nt\u00e4mist\u00e4 ja vastaavat my\u00f6hemm\u00e4st\u00e4 taitosta. Takaamme, ett\u00e4 k\u00e4\u00e4nn\u00f6ksen my\u00f6t\u00e4 muuttunut tekstim\u00e4\u00e4r\u00e4 sijoittuisi ennalta m\u00e4\u00e4r\u00e4ttyyn taittoon, ehdotamme tarvittaessa sopivan fontin (jos olemassa oleva fontti kohdekieless\u00e4 puuttuu \u2013 n\u00e4in k\u00e4y usein ven\u00e4j\u00e4n, latvian tai liettuan osalta) ja tarkistamme, ett\u00e4 kaikki tekniset vaatimukset on t\u00e4ytetty.[\/vc_column_text][\/vc_accordion_tab][vc_accordion_tab title=&#8221;S\u00e4\u00e4st\u00f6\u00e4 taitto- ja suunnittelupalveluista&#8221; show_icon=&#8221;yes&#8221; icon=&#8221;fas fa-plus&#8221;][vc_column_text]K\u00e4\u00e4nn\u00f6smuistiohjelmilla k\u00e4\u00e4nnett\u00e4ess\u00e4 s\u00e4\u00e4st\u00e4mme asiakkaalle selv\u00e4\u00e4 rahaa, sill\u00e4 ohjelma s\u00e4ilytt\u00e4\u00e4 aiemman taiton. Vain k\u00e4\u00e4nn\u00f6stekstien pidentymisest\u00e4 johtuva taittoaika tulee ottaa huomioon. Jos edellinen taitto- ja ulkoasu on jo olemassa ja tarvitset vain k\u00e4\u00e4nn\u00f6st\u00e4, mutta kilpaileva palveluntarjoajan pyyt\u00e4\u00e4 taitosta mielest\u00e4si liian korkeaa hintaa, ole hyv\u00e4 ja kysy tarjous meilt\u00e4![\/vc_column_text][\/vc_accordion_tab][\/vc_accordion][vc_empty_space][vc_btn title=&#8221;PYYD\u00c4 TARJOUS&#8221; style=&#8221;modern&#8221; shape=&#8221;rounded&#8221; css=&#8221;.vc_custom_1676274846634{margin-top: 1px !important;margin-bottom: 33px !important;}&#8221; skin=&#8221;primary&#8221; btn_fs=&#8221;0.95em&#8221; btn_fw=&#8221;600&#8243; btn_ls=&#8221;1px&#8221; el_cls=&#8221;border-0&#8243; animation_delay=&#8221;1000&#8243; link=&#8221;url:https%3A%2F%2Fad3doors.ee%2Ffi%2Fyhteys%2F|title:Kontakt&#8221; btn_px=&#8221;3rem&#8221; btn_py=&#8221;1rem&#8221;][\/vc_column][\/vc_row][vc_row el_class=&#8221;pb-3 overflow-hidden&#8221; conditional_render=&#8221;%5B%7B%22value_role%22%3A%22administrator%22%7D%5D&#8221; css=&#8221;.vc_custom_1674652718657{background-color: #efecfd !important;}&#8221;][vc_column css=&#8221;.vc_custom_1674633262863{padding-top: 50px !important;}&#8221; conditional_render=&#8221;%5B%7B%22value_role%22%3A%22administrator%22%7D%5D&#8221;]<div class=\"porto-u-heading pb-2 mb-3  wpb_custom_dfcc2051c26cb1e38539f9715910b5b3 porto-u-55ca8359258f9a412be7e73af65d2aac \"><div class=\"porto-u-main-heading\"><h2 data-plugin-animated-letters data-plugin-options=\"{&quot;startDelay&quot;:0,&quot;minWindowWidth&quot;:992,&quot;animationSpeed&quot;:20}\" >Palvelut<\/h2><\/div><style>.porto-u-55ca8359258f9a412be7e73af65d2aac.porto-u-heading{text-align:center}<\/style><\/div>[vc_row_inner wrap_container=&#8221;yes&#8221; animation_delay=&#8221;200&#8243; el_class=&#8221;p-t-xs z-index-2 position-relative&#8221;][vc_column_inner][porto_tb_posts post_type=&#8221;portfolio&#8221; orderby=&#8221;date&#8221; order=&#8221;DESC&#8221; columns_tablet=&#8221;2&#8243; columns_mobile=&#8221;1&#8243; builder_id=&#8221;40&#8243; count=&#8221;4&#8243;][vc_empty_space height=&#8221;50px&#8221;][vc_btn title=&#8221;KAIKKI PALVELUT&#8221; style=&#8221;modern&#8221; shape=&#8221;rounded&#8221; align=&#8221;center&#8221; css=&#8221;.vc_custom_1676274893214{margin-top: 1px !important;margin-bottom: 33px !important;}&#8221; skin=&#8221;primary&#8221; btn_fs=&#8221;0.95em&#8221; btn_fw=&#8221;600&#8243; btn_ls=&#8221;1px&#8221; el_cls=&#8221;border-0&#8243; animation_delay=&#8221;1000&#8243; link=&#8221;url:https%3A%2F%2Fad3doors.ee%2Ffi%2Fpalvelut%2F|title:KAIKKI%20PALVELUT&#8221; btn_px=&#8221;3rem&#8221; btn_py=&#8221;1rem&#8221;][\/vc_column_inner][\/vc_row_inner][\/vc_column][\/vc_row]<\/p>\n<\/div>","protected":false},"excerpt":{"rendered":"<p>[vc_row wrap_container=&#8221;yes&#8221; content_placement=&#8221;middle&#8221; conditional_render=&#8221;%5B%7B%22value_role%22%3A%22administrator%22%7D%5D&#8221; el_class=&#8221;p-b-sm mb-lg-2 mt-lg-4 mt-5 mb-5&#8243;][vc_column width=&#8221;1\/2&#8243; conditional_render=&#8221;%5B%7B%22value_role%22%3A%22administrator%22%7D%5D&#8221;][vc_raw_html el_class=&#8221;position-absolute h-100 mb-0 w-100&#8243;]JTNDZGl2JTIwY2xhc3MlM0QlMjJhcHBlYXItYW5pbWF0aW9uJTIwcG9zaXRpb24tYWJzb2x1dGUlMjBhbmltYXRlZCUyMGV4cGFuZEluV2l0aEJsdXIlMjBhcHBlYXItYW5pbWF0aW9uLXZpc2libGUlMjIlMjBzdHlsZSUzRCUyMndpZHRoJTNBJTIwMjVweCUzQiUyMGhlaWdodCUzQSUyMDI1cHglM0IlMjB0b3AlM0ElMjA0LjMlMjUlM0IlMjBsZWZ0JTNBJTIwMTguNyUyNSUzQiUyMHotaW5kZXglM0ElMjAyJTNCJTIwYW5pbWF0aW9uLWR1cmF0aW9uJTNBJTIwMnMlM0IlMjBhbmltYXRpb24tZGVsYXklM0ElMjA5MDBtcyUzQiUyMiUyMGRhdGEtYXBwZWFyLWFuaW1hdGlvbiUzRCUyMmV4cGFuZEluV2l0aEJsdXIlMjIlMjBkYXRhLWFwcGVhci1hbmltYXRpb24tZGVsYXklM0QlMjI5MDAlMjIlMjBkYXRhLWFwcGVhci1hbmltYXRpb24tZHVyYXRpb24lM0QlMjIycyUyMiUzRSUwQSUyMCUyMCUyMCUyMCUzQ2RpdiUyMGNsYXNzJTNEJTIyYmctcHJpbWFyeSUyMHJvdW5kZWQtY2lyY2xlJTIwdy0xMDAlMjBoLTEwMCUyMiUyMGRhdGEtcGx1Z2luLWZsb2F0LWVsZW1lbnQlM0QlMjIlMjIlMjBkYXRhLXBsdWdpbi1vcHRpb25zJTNEJTIyJTdCJTI3c3RhcnRQb3MlMjclM0ElMjAlMjd0b3AlMjclMkMlMjAlMjdzcGVlZCUyNyUzQSUyMDAuMyUyQyUyMCUyN3RyYW5zaXRpb24lMjclM0ElMjB0cnVlJTJDJTIwJTI3dHJhbnNpdGlvbkR1cmF0aW9uJTI3JTNBJTIwMTAwMCU3RCUyMiUyMHN0eWxlJTNEJTIydG9wJTNBJTIwMHB4JTNCJTIwdHJhbnNpdGlvbiUzQSUyMHRyYW5zZm9ybSUyMDEwMDBtcyUyMGVhc2Utb3V0JTIwMG1zJTNCJTIwdHJhbnNmb3JtJTNBJTIwdHJhbnNsYXRlM2QlMjgwcHglMkMlMjA3MS4xNDIyJTI1JTJDJTIwMHB4JTI5JTNCJTIwb3BhY2l0eSUzQSUyMDAuNCUzQiUyMiUzRSUzQyUyRmRpdiUzRSUwOSUwQSUzQyUyRmRpdiUzRSUwQSUzQ2RpdiUyMGNsYXNzJTNEJTIyYXBwZWFyLWFuaW1hdGlvbiUyMHBvc2l0aW9uLWFic29sdXRlJTIwYW5pbWF0ZWQlMjBleHBhbmRJbldpdGhCbHVyJTIwYXBwZWFyLWFuaW1hdGlvbi12aXNpYmxlJTIyJTIwc3R5bGUlM0QlMjJ3aWR0aCUzQSUyMDE1cHglM0IlMjBoZWlnaHQlM0ElMjAxNXB4JTNCJTIwdG9wJTNBJTIwMzkuNyUyNSUzQiUyMGxlZnQlM0ElMjAyLjQlMjUlM0IlMjB6LWluZGV4JTNBJTIwMiUzQiUyMGFuaW1hdGlvbi1kdXJhdGlvbiUzQSUyMDJzJTNCJTIwYW5pbWF0aW9uLWRlbGF5JTNBJTIwOTAwbXMlM0IlMjIlMjBkYXRhLWFwcGVhci1hbmltYXRpb24lM0QlMjJleHBhbmRJbldpdGhCbHVyJTIyJTIwZGF0YS1hcHBlYXItYW5pbWF0aW9uLWRlbGF5JTNEJTIyOTAwJTIyJTIwZGF0YS1hcHBlYXItYW5pbWF0aW9uLWR1cmF0aW9uJTNEJTIyMnMlMjIlM0UlMEElMjAlMjAlMjAlMjAlM0NkaXYlMjBjbGFzcyUzRCUyMmJnLXByaW1hcnklMjByb3VuZGVkLWNpcmNsZSUyMHctMTAwJTIwaC0xMDAlMjIlMjBkYXRhLXBsdWdpbi1mbG9hdC1lbGVtZW50JTNEJTIyJTIyJTIwZGF0YS1wbHVnaW4tb3B0aW9ucyUzRCUyMiU3QiUyN3N0YXJ0UG9zJTI3JTNBJTIwJTI3dG9wJTI3JTJDJTIwJTI3c3BlZWQlMjclM0ElMjAwLjMlMkMlMjAlMjd0cmFuc2l0aW9uJTI3JTNBJTIwdHJ1ZSUyQyUyMCUyN3RyYW5zaXRpb25EdXJhdGlvbiUyNyUzQSUyMDEwMDAlN0QlMjIlMjBzdHlsZSUzRCUyMnRvcCUzQSUyMDBweCUzQiUyMHRyYW5zaXRpb24lM0ElMjB0cmFuc2Zvcm0lMjAxMDAwbXMlMjBlYXNlLW91dCUyMDBtcyUzQiUyMHRyYW5zZm9ybSUzQSUyMHRyYW5zbGF0ZTNkJTI4MHB4JTJDJTIwMjA1LjIwNyUyNSUyQyUyMDBweCUyOSUzQiUyMG9wYWNpdHklM0ElMjAwLjQlM0IlMjIlM0UlM0MlMkZkaXYlM0UlMDklMEElM0MlMkZkaXYlM0U=[\/vc_raw_html][vc_single_image image=&#8221;642&#8243; img_size=&#8221;528&#215;516&#8243; style=&#8221;vc_box_rounded&#8221; animation_delay=&#8221;200&#8243; el_class=&#8221;p-lg-5&#8243; animation_type=&#8221;fadeIn&#8221;][\/vc_column][vc_column width=&#8221;1\/2&#8243;][vc_accordion active_tab=&#8221;1&#8243; collapsible=&#8221;yes&#8221; type=&#8221;without-bg without-borders&#8221; size=&#8221;panel-group-lg&#8221;][vc_accordion_tab title=&#8221;K\u00e4site ja k\u00e4ytt\u00f6tarkoitus&#8221; show_icon=&#8221;yes&#8221; icon=&#8221;fas fa-plus&#8221;][vc_column_text css=&#8221;&#8221;]K\u00e4\u00e4nn\u00f6smuisti tarkoittaa k\u00e4\u00e4nt\u00e4jien toimesta k\u00e4\u00e4nt\u00e4misen aikana syntyv\u00e4\u00e4 l\u00e4hde- ja kohdekielen lauseparien eli k\u00e4\u00e4nn\u00f6ssegmenttien kokonaisuutta, joka luo siteen kielien v\u00e4liin. K\u00e4\u00e4nn\u00f6smuistin tavoitteena on [&hellip;]<\/p>\n","protected":false},"author":1,"featured_media":0,"parent":0,"menu_order":0,"comment_status":"closed","ping_status":"closed","template":"","meta":{"_monsterinsights_skip_tracking":false,"_monsterinsights_sitenote_active":false,"_monsterinsights_sitenote_note":"","_monsterinsights_sitenote_category":0,"footnotes":""},"class_list":["post-812","page","type-page","status-publish","hentry"],"aioseo_notices":[],"_links":{"self":[{"href":"https:\/\/ad3doors.ee\/fi\/wp-json\/wp\/v2\/pages\/812","targetHints":{"allow":["GET"]}}],"collection":[{"href":"https:\/\/ad3doors.ee\/fi\/wp-json\/wp\/v2\/pages"}],"about":[{"href":"https:\/\/ad3doors.ee\/fi\/wp-json\/wp\/v2\/types\/page"}],"author":[{"embeddable":true,"href":"https:\/\/ad3doors.ee\/fi\/wp-json\/wp\/v2\/users\/1"}],"replies":[{"embeddable":true,"href":"https:\/\/ad3doors.ee\/fi\/wp-json\/wp\/v2\/comments?post=812"}],"version-history":[{"count":5,"href":"https:\/\/ad3doors.ee\/fi\/wp-json\/wp\/v2\/pages\/812\/revisions"}],"predecessor-version":[{"id":1109,"href":"https:\/\/ad3doors.ee\/fi\/wp-json\/wp\/v2\/pages\/812\/revisions\/1109"}],"wp:attachment":[{"href":"https:\/\/ad3doors.ee\/fi\/wp-json\/wp\/v2\/media?parent=812"}],"curies":[{"name":"wp","href":"https:\/\/api.w.org\/{rel}","templated":true}]}}